{"id":1020,"date":"2019-07-19T11:17:55","date_gmt":"2019-07-19T09:17:55","guid":{"rendered":"https:\/\/www.campingaufildeloo.com\/inicio\/"},"modified":"2026-03-14T18:09:13","modified_gmt":"2026-03-14T17:09:13","slug":"inicio","status":"publish","type":"page","link":"https:\/\/www.campingaufildeloo.com\/en\/","title":{"rendered":"Home"},"content":{"rendered":"","protected":false},"excerpt":{"rendered":"","protected":false},"author":6,"featured_media":0,"parent":0,"menu_order":0,"comment_status":"closed","ping_status":"closed","template":"","meta":{"_acf_changed":false},"class_list":["post-1020","page","type-page","status-publish","hentry"],"acf":[],"yoast_head":"<!-- This site is optimized with the Yoast SEO Premium plugin v26.9 (Yoast SEO v26.9) - https:\/\/yoast.com\/product\/yoast-seo-premium-wordpress\/ -->\n<title>Campsite Luchon Pyrenees - rentals ans pitches for holidays<\/title>\n<meta name=\"description\" content=\"Discover the Au Fil de L&#039;Oo campsite in Bagn\u00e8res de Luchon in the Pyrenees, located near the thermal baths relaxing and active holidays.\" \/>\n<meta name=\"robots\" content=\"index, follow, max-snippet:-1, max-image-preview:large, max-video-preview:-1\" \/>\n<link rel=\"canonical\" href=\"https:\/\/www.campingaufildeloo.com\/en\/\" \/>\n<meta property=\"og:locale\" content=\"en_US\" \/>\n<meta property=\"og:type\" content=\"article\" \/>\n<meta property=\"og:title\" content=\"Home Camping Au fil de l&#039;O\u00f4 - Bagn\u00e8res de Luchon in the Pyrenees\" \/>\n<meta property=\"og:description\" content=\"The Au fil de l&#039;O\u00f4 campsite welcomes you to Luchon in the Pyrenees, a major Occitanie site. Rental of mobile homes and pitches for camper vans, tents and caravans.\" \/>\n<meta property=\"og:url\" content=\"https:\/\/www.campingaufildeloo.com\/en\/\" \/>\n<meta property=\"og:site_name\" content=\"Camping Luchon Au fil de l&#039;O\u00f4\" \/>\n<meta property=\"article:publisher\" content=\"https:\/\/www.facebook.com\/campingpyreneesaufildeloo\/\" \/>\n<meta property=\"article:modified_time\" content=\"2026-03-14T17:09:13+00:00\" \/>\n<meta property=\"og:image\" content=\"https:\/\/www.campingaufildeloo.com\/wp-content\/uploads\/2019\/12\/home-fil-oo.jpg\" \/>\n<meta name=\"twitter:card\" content=\"summary_large_image\" \/>\n<meta name=\"twitter:title\" content=\"Home\" \/>\n<meta name=\"twitter:label1\" content=\"Est. reading time\" \/>\n\t<meta name=\"twitter:data1\" content=\"2 minutes\" \/>\n<script type=\"application\/ld+json\" class=\"yoast-schema-graph\">{\"@context\":\"https:\/\/schema.org\",\"@graph\":[{\"@type\":\"WebPage\",\"@id\":\"https:\/\/www.campingaufildeloo.com\/en\/\",\"url\":\"https:\/\/www.campingaufildeloo.com\/en\/\",\"name\":\"Campsite Luchon Pyrenees - rentals ans pitches for holidays\",\"isPartOf\":{\"@id\":\"https:\/\/www.campingaufildeloo.com\/en\/#website\"},\"datePublished\":\"2019-07-19T09:17:55+00:00\",\"dateModified\":\"2026-03-14T17:09:13+00:00\",\"description\":\"Discover the Au Fil de L'Oo campsite in Bagn\u00e8res de Luchon in the Pyrenees, located near the thermal baths relaxing and active holidays.\",\"breadcrumb\":{\"@id\":\"https:\/\/www.campingaufildeloo.com\/en\/#breadcrumb\"},\"inLanguage\":\"en-US\",\"potentialAction\":[{\"@type\":\"ReadAction\",\"target\":[\"https:\/\/www.campingaufildeloo.com\/en\/\"]}]},{\"@type\":\"BreadcrumbList\",\"@id\":\"https:\/\/www.campingaufildeloo.com\/en\/#breadcrumb\",\"itemListElement\":[{\"@type\":\"ListItem\",\"position\":1,\"name\":\"Home\",\"item\":\"https:\/\/www.campingaufildeloo.com\/en\/\"},{\"@type\":\"ListItem\",\"position\":2,\"name\":\"Home\"}]},{\"@type\":\"WebSite\",\"@id\":\"https:\/\/www.campingaufildeloo.com\/en\/#website\",\"url\":\"https:\/\/www.campingaufildeloo.com\/en\/\",\"name\":\"Camping Au fil de l'O\u00f4\",\"description\":\"Camping et location de mobil home \u00e0 luchon - sp\u00e9cial curistes\",\"publisher\":{\"@id\":\"https:\/\/www.campingaufildeloo.com\/en\/#organization\"},\"potentialAction\":[{\"@type\":\"SearchAction\",\"target\":{\"@type\":\"EntryPoint\",\"urlTemplate\":\"https:\/\/www.campingaufildeloo.com\/en\/?s={search_term_string}\"},\"query-input\":{\"@type\":\"PropertyValueSpecification\",\"valueRequired\":true,\"valueName\":\"search_term_string\"}}],\"inLanguage\":\"en-US\"},{\"@type\":\"Organization\",\"@id\":\"https:\/\/www.campingaufildeloo.com\/en\/#organization\",\"name\":\"Camping Au fil de l'O\u00f4\",\"url\":\"https:\/\/www.campingaufildeloo.com\/en\/\",\"logo\":{\"@type\":\"ImageObject\",\"inLanguage\":\"en-US\",\"@id\":\"https:\/\/www.campingaufildeloo.com\/en\/#\/schema\/logo\/image\/\",\"url\":\"https:\/\/www.campingaufildeloo.com\/wp-content\/uploads\/2026\/02\/LOGO-FB-CAMPING-scaled.png\",\"contentUrl\":\"https:\/\/www.campingaufildeloo.com\/wp-content\/uploads\/2026\/02\/LOGO-FB-CAMPING-scaled.png\",\"width\":2560,\"height\":2560,\"caption\":\"Camping Au fil de l'O\u00f4\"},\"image\":{\"@id\":\"https:\/\/www.campingaufildeloo.com\/en\/#\/schema\/logo\/image\/\"},\"sameAs\":[\"https:\/\/www.facebook.com\/campingpyreneesaufildeloo\/\",\"https:\/\/www.instagram.com\/campingaufildeloo\/\"],\"email\":\"contact@campingaufildeloo.com\",\"telephone\":\"0561793074\",\"legalName\":\"Morgane Monteil\",\"numberOfEmployees\":{\"@type\":\"QuantitativeValue\",\"minValue\":\"1\",\"maxValue\":\"10\"}}]}<\/script>\n<!-- \/ Yoast SEO Premium plugin. -->","yoast_head_json":{"title":"Campsite Luchon Pyrenees - rentals ans pitches for holidays","description":"Discover the Au Fil de L'Oo campsite in Bagn\u00e8res de Luchon in the Pyrenees, located near the thermal baths relaxing and active holidays.","robots":{"index":"index","follow":"follow","max-snippet":"max-snippet:-1","max-image-preview":"max-image-preview:large","max-video-preview":"max-video-preview:-1"},"canonical":"https:\/\/www.campingaufildeloo.com\/en\/","og_locale":"en_US","og_type":"article","og_title":"Home Camping Au fil de l'O\u00f4 - Bagn\u00e8res de Luchon in the Pyrenees","og_description":"The Au fil de l'O\u00f4 campsite welcomes you to Luchon in the Pyrenees, a major Occitanie site. Rental of mobile homes and pitches for camper vans, tents and caravans.","og_url":"https:\/\/www.campingaufildeloo.com\/en\/","og_site_name":"Camping Luchon Au fil de l&#039;O\u00f4","article_publisher":"https:\/\/www.facebook.com\/campingpyreneesaufildeloo\/","article_modified_time":"2026-03-14T17:09:13+00:00","og_image":[{"url":"https:\/\/www.campingaufildeloo.com\/wp-content\/uploads\/2019\/12\/home-fil-oo.jpg","type":"","width":"","height":""}],"twitter_card":"summary_large_image","twitter_title":"Home","twitter_misc":{"Est. reading time":"2 minutes"},"schema":{"@context":"https:\/\/schema.org","@graph":[{"@type":"WebPage","@id":"https:\/\/www.campingaufildeloo.com\/en\/","url":"https:\/\/www.campingaufildeloo.com\/en\/","name":"Campsite Luchon Pyrenees - rentals ans pitches for holidays","isPartOf":{"@id":"https:\/\/www.campingaufildeloo.com\/en\/#website"},"datePublished":"2019-07-19T09:17:55+00:00","dateModified":"2026-03-14T17:09:13+00:00","description":"Discover the Au Fil de L'Oo campsite in Bagn\u00e8res de Luchon in the Pyrenees, located near the thermal baths relaxing and active holidays.","breadcrumb":{"@id":"https:\/\/www.campingaufildeloo.com\/en\/#breadcrumb"},"inLanguage":"en-US","potentialAction":[{"@type":"ReadAction","target":["https:\/\/www.campingaufildeloo.com\/en\/"]}]},{"@type":"BreadcrumbList","@id":"https:\/\/www.campingaufildeloo.com\/en\/#breadcrumb","itemListElement":[{"@type":"ListItem","position":1,"name":"Home","item":"https:\/\/www.campingaufildeloo.com\/en\/"},{"@type":"ListItem","position":2,"name":"Home"}]},{"@type":"WebSite","@id":"https:\/\/www.campingaufildeloo.com\/en\/#website","url":"https:\/\/www.campingaufildeloo.com\/en\/","name":"Camping Au fil de l'O\u00f4","description":"Camping et location de mobil home \u00e0 luchon - sp\u00e9cial curistes","publisher":{"@id":"https:\/\/www.campingaufildeloo.com\/en\/#organization"},"potentialAction":[{"@type":"SearchAction","target":{"@type":"EntryPoint","urlTemplate":"https:\/\/www.campingaufildeloo.com\/en\/?s={search_term_string}"},"query-input":{"@type":"PropertyValueSpecification","valueRequired":true,"valueName":"search_term_string"}}],"inLanguage":"en-US"},{"@type":"Organization","@id":"https:\/\/www.campingaufildeloo.com\/en\/#organization","name":"Camping Au fil de l'O\u00f4","url":"https:\/\/www.campingaufildeloo.com\/en\/","logo":{"@type":"ImageObject","inLanguage":"en-US","@id":"https:\/\/www.campingaufildeloo.com\/en\/#\/schema\/logo\/image\/","url":"https:\/\/www.campingaufildeloo.com\/wp-content\/uploads\/2026\/02\/LOGO-FB-CAMPING-scaled.png","contentUrl":"https:\/\/www.campingaufildeloo.com\/wp-content\/uploads\/2026\/02\/LOGO-FB-CAMPING-scaled.png","width":2560,"height":2560,"caption":"Camping Au fil de l'O\u00f4"},"image":{"@id":"https:\/\/www.campingaufildeloo.com\/en\/#\/schema\/logo\/image\/"},"sameAs":["https:\/\/www.facebook.com\/campingpyreneesaufildeloo\/","https:\/\/www.instagram.com\/campingaufildeloo\/"],"email":"contact@campingaufildeloo.com","telephone":"0561793074","legalName":"Morgane Monteil","numberOfEmployees":{"@type":"QuantitativeValue","minValue":"1","maxValue":"10"}}]}},"_links":{"self":[{"href":"https:\/\/www.campingaufildeloo.com\/en\/wp-json\/wp\/v2\/pages\/1020","targetHints":{"allow":["GET"]}}],"collection":[{"href":"https:\/\/www.campingaufildeloo.com\/en\/wp-json\/wp\/v2\/pages"}],"about":[{"href":"https:\/\/www.campingaufildeloo.com\/en\/wp-json\/wp\/v2\/types\/page"}],"author":[{"embeddable":true,"href":"https:\/\/www.campingaufildeloo.com\/en\/wp-json\/wp\/v2\/users\/6"}],"replies":[{"embeddable":true,"href":"https:\/\/www.campingaufildeloo.com\/en\/wp-json\/wp\/v2\/comments?post=1020"}],"version-history":[{"count":23,"href":"https:\/\/www.campingaufildeloo.com\/en\/wp-json\/wp\/v2\/pages\/1020\/revisions"}],"predecessor-version":[{"id":3180,"href":"https:\/\/www.campingaufildeloo.com\/en\/wp-json\/wp\/v2\/pages\/1020\/revisions\/3180"}],"wp:attachment":[{"href":"https:\/\/www.campingaufildeloo.com\/en\/wp-json\/wp\/v2\/media?parent=1020"}],"curies":[{"name":"wp","href":"https:\/\/api.w.org\/{rel}","templated":true}]}}